{"id":5857,"date":"2025-05-02T02:08:24","date_gmt":"2025-05-01T19:08:24","guid":{"rendered":"https:\/\/www.columnbangkok.com\/gallery\/"},"modified":"2026-05-08T15:28:52","modified_gmt":"2026-05-08T08:28:52","slug":"gallery","status":"publish","type":"page","link":"https:\/\/www.columnbangkok.com\/fr\/gallery\/","title":{"rendered":"Galerie"},"content":{"rendered":"\t\t<div data-elementor-type=\"wp-page\" data-elementor-id=\"5857\" class=\"elementor elementor-5857 elementor-67\" data-elementor-post-type=\"page\">\n\t\t\t\t<div class=\"elementor-element elementor-element-fa22ec3 e-con-full e-flex e-con e-parent\" data-id=\"fa22ec3\" data-element_type=\"container\" data-e-type=\"container\">\n\t\t<div class=\"elementor-element elementor-element-6832796 e-con-full e-flex e-con e-child\" data-id=\"6832796\" data-element_type=\"container\" data-e-type=\"container\" data-settings=\"{&quot;background_background&quot;:&quot;classic&quot;,&quot;background_motion_fx_motion_fx_scrolling&quot;:&quot;yes&quot;,&quot;background_motion_fx_translateY_effect&quot;:&quot;yes&quot;,&quot;background_motion_fx_translateY_direction&quot;:&quot;negative&quot;,&quot;background_motion_fx_translateY_speed&quot;:{&quot;unit&quot;:&quot;px&quot;,&quot;size&quot;:4,&quot;sizes&quot;:[]},&quot;background_motion_fx_translateY_affectedRange&quot;:{&quot;unit&quot;:&quot;%&quot;,&quot;size&quot;:&quot;&quot;,&quot;sizes&quot;:{&quot;start&quot;:0,&quot;end&quot;:100}},&quot;background_motion_fx_devices&quot;:[&quot;desktop&quot;,&quot;tablet&quot;,&quot;mobile&quot;]}\">\n\t\t<div class=\"elementor-element elementor-element-60c8e3e e-con-full text-wrapper e-flex e-con e-child\" data-id=\"60c8e3e\" data-element_type=\"container\" data-e-type=\"container\">\n\t\t\t\t<div class=\"elementor-element elementor-element-74e560f text-1 elementor-widget elementor-widget-heading\" data-id=\"74e560f\" data-element_type=\"widget\" data-e-type=\"widget\" data-widget_type=\"heading.default\">\n\t\t\t\t<div class=\"elementor-widget-container\">\n\t\t\t\t\t<h1 class=\"elementor-heading-title elementor-size-default\">Galerie photos<\/h1>\t\t\t\t<\/div>\n\t\t\t\t<\/div>\n\t\t\t\t<div class=\"elementor-element elementor-element-8354612 text-sep elementor-widget-divider--view-line elementor-widget elementor-widget-divider\" data-id=\"8354612\" data-element_type=\"widget\" data-e-type=\"widget\" data-widget_type=\"divider.default\">\n\t\t\t\t<div class=\"elementor-widget-container\">\n\t\t\t\t\t\t\t<div class=\"elementor-divider\">\n\t\t\t<span class=\"elementor-divider-separator\">\n\t\t\t\t\t\t<\/span>\n\t\t<\/div>\n\t\t\t\t\t\t<\/div>\n\t\t\t\t<\/div>\n\t\t\t\t<div class=\"elementor-element elementor-element-3719eb8 text-2 elementor-widget elementor-widget-heading\" data-id=\"3719eb8\" data-element_type=\"widget\" data-e-type=\"widget\" data-widget_type=\"heading.default\">\n\t\t\t\t<div class=\"elementor-widget-container\">\n\t\t\t\t\t<div class=\"elementor-heading-title elementor-size-default\">Vues urbaines, s\u00e9jours \u00e9l\u00e9gants et espaces accueillants<\/div>\t\t\t\t<\/div>\n\t\t\t\t<\/div>\n\t\t\t\t<div class=\"elementor-element elementor-element-143db54 elementor-widget elementor-widget-html\" data-id=\"143db54\" data-element_type=\"widget\" data-e-type=\"widget\" data-widget_type=\"html.default\">\n\t\t\t\t<div class=\"elementor-widget-container\">\n\t\t\t\t\t<script>(function(w,d) {\n        d.addEventListener('DOMContentLoaded', init);\n        \n        function init() {\n            const {animate, onScroll} = anime;\n            \n            animate('.text-wrapper', {\n                autoplay: onScroll({\n                    container: '#hero',\n                    enter: 'center top',\n                    onEnter(self) {\n                        self.target.classList.add('animated');\n                    }\n                })\n            });   \n        }\n    })(window,document);\n<\/script>\t\t\t\t<\/div>\n\t\t\t\t<\/div>\n\t\t\t\t<\/div>\n\t\t\t\t<\/div>\n\t\t\t\t<\/div>\n\t\t<div class=\"elementor-element elementor-element-d1155fe e-flex e-con-boxed e-con e-parent\" data-id=\"d1155fe\" data-element_type=\"container\" data-e-type=\"container\">\n\t\t\t\t\t<div class=\"e-con-inner\">\n\t\t\t\t<div class=\"elementor-element elementor-element-50817df elementor-widget elementor-widget-gallery\" data-id=\"50817df\" data-element_type=\"widget\" data-e-type=\"widget\" data-settings=\"{&quot;gap&quot;:{&quot;unit&quot;:&quot;px&quot;,&quot;size&quot;:15,&quot;sizes&quot;:[]},&quot;gallery_layout&quot;:&quot;justified&quot;,&quot;content_sequenced_animation&quot;:&quot;yes&quot;,&quot;lazyload&quot;:&quot;yes&quot;,&quot;ideal_row_height&quot;:{&quot;unit&quot;:&quot;px&quot;,&quot;size&quot;:200,&quot;sizes&quot;:[]},&quot;ideal_row_height_tablet&quot;:{&quot;unit&quot;:&quot;px&quot;,&quot;size&quot;:150,&quot;sizes&quot;:[]},&quot;ideal_row_height_mobile&quot;:{&quot;unit&quot;:&quot;px&quot;,&quot;size&quot;:150,&quot;sizes&quot;:[]},&quot;gap_tablet&quot;:{&quot;unit&quot;:&quot;px&quot;,&quot;size&quot;:10,&quot;sizes&quot;:[]},&quot;gap_mobile&quot;:{&quot;unit&quot;:&quot;px&quot;,&quot;size&quot;:10,&quot;sizes&quot;:[]},&quot;link_to&quot;:&quot;file&quot;,&quot;content_hover_animation&quot;:&quot;fade-in&quot;}\" data-widget_type=\"gallery.default\">\n\t\t\t\t<div class=\"elementor-widget-container\">\n\t\t\t\t\t\t\t\t<div class=\"elementor-gallery__titles-container e--pointer-background e--animation-fade\" aria-label=\"Filtre de galerie\">\n\t\t\t\t\n\t\t\t\t\t\t\t\t\t<a class=\"elementor-item elementor-gallery-title\" role=\"button\" tabindex=\"0\" data-gallery-index=\"0\">\n\t\t\t\t\t\tAper\u00e7u\t\t\t\t\t<\/a>\n\t\t\t\t\t\t\t\t\t\t<a class=\"elementor-item elementor-gallery-title\" role=\"button\" tabindex=\"0\" data-gallery-index=\"1\">\n\t\t\t\t\t\tChambres\t\t\t\t\t<\/a>\n\t\t\t\t\t\t\t\t<\/div>\n\t\t\t\t\t<div class=\"elementor-gallery__container\">\n\t\t\t\t\t\t\t<a class=\"e-gallery-item elementor-gallery-item elementor-animated-content\" data-e-gallery-tags=\"0\" href=\"https:\/\/www.columnbangkok.com\/wp-content\/uploads\/2025\/05\/swimming-pool1.webp\" data-elementor-open-lightbox=\"yes\" data-elementor-lightbox-slideshow=\"50817df\" data-e-action-hash=\"#elementor-action%3Aaction%3Dlightbox%26settings%3DeyJpZCI6NTg0NiwidXJsIjoiaHR0cHM6XC9cL3d3dy5jb2x1bW5iYW5na29rLmNvbVwvd3AtY29udGVudFwvdXBsb2Fkc1wvMjAyNVwvMDVcL3N3aW1taW5nLXBvb2wxLndlYnAiLCJzbGlkZXNob3ciOiI1MDgxN2RmIn0%3D\">\n\t\t\t\t\t<div class=\"e-gallery-image elementor-gallery-item__image\" data-thumbnail=\"https:\/\/www.columnbangkok.com\/wp-content\/uploads\/2025\/05\/swimming-pool1-768x512.webp\" data-width=\"768\" data-height=\"512\" aria-label=\"\" role=\"img\" ><\/div>\n\t\t\t\t\t\t\t\t\t\t\t\t\t\t<\/a>\n\t\t\t\t\t\t\t<a class=\"e-gallery-item elementor-gallery-item elementor-animated-content\" data-e-gallery-tags=\"0\" href=\"https:\/\/www.columnbangkok.com\/wp-content\/uploads\/2025\/05\/Highlight2.webp\" data-elementor-open-lightbox=\"yes\" data-elementor-lightbox-slideshow=\"50817df\" data-e-action-hash=\"#elementor-action%3Aaction%3Dlightbox%26settings%3DeyJpZCI6NTgxMiwidXJsIjoiaHR0cHM6XC9cL3d3dy5jb2x1bW5iYW5na29rLmNvbVwvd3AtY29udGVudFwvdXBsb2Fkc1wvMjAyNVwvMDVcL0hpZ2hsaWdodDIud2VicCIsInNsaWRlc2hvdyI6IjUwODE3ZGYifQ%3D%3D\">\n\t\t\t\t\t<div class=\"e-gallery-image elementor-gallery-item__image\" data-thumbnail=\"https:\/\/www.columnbangkok.com\/wp-content\/uploads\/2025\/05\/Highlight2-768x511.webp\" data-width=\"768\" data-height=\"511\" aria-label=\"\" role=\"img\" ><\/div>\n\t\t\t\t\t\t\t\t\t\t\t\t\t\t<\/a>\n\t\t\t\t\t\t\t<a class=\"e-gallery-item elementor-gallery-item elementor-animated-content\" data-e-gallery-tags=\"0\" href=\"https:\/\/www.columnbangkok.com\/wp-content\/uploads\/2025\/06\/LHB_9995.webp\" data-elementor-open-lightbox=\"yes\" data-elementor-lightbox-slideshow=\"50817df\" data-e-action-hash=\"#elementor-action%3Aaction%3Dlightbox%26settings%3DeyJpZCI6NTg0NywidXJsIjoiaHR0cHM6XC9cL3d3dy5jb2x1bW5iYW5na29rLmNvbVwvd3AtY29udGVudFwvdXBsb2Fkc1wvMjAyNVwvMDZcL0xIQl85OTk1LndlYnAiLCJzbGlkZXNob3ciOiI1MDgxN2RmIn0%3D\">\n\t\t\t\t\t<div class=\"e-gallery-image elementor-gallery-item__image\" data-thumbnail=\"https:\/\/www.columnbangkok.com\/wp-content\/uploads\/2025\/06\/LHB_9995-768x512.webp\" data-width=\"768\" data-height=\"512\" aria-label=\"\" role=\"img\" ><\/div>\n\t\t\t\t\t\t\t\t\t\t\t\t\t\t<\/a>\n\t\t\t\t\t\t\t<a class=\"e-gallery-item elementor-gallery-item elementor-animated-content\" data-e-gallery-tags=\"1\" href=\"https:\/\/www.columnbangkok.com\/wp-content\/uploads\/2025\/05\/column-bangkok-hotel-studio-park-view-01.webp\" data-elementor-open-lightbox=\"yes\" data-elementor-lightbox-slideshow=\"50817df\" data-e-action-hash=\"#elementor-action%3Aaction%3Dlightbox%26settings%3DeyJpZCI6NTg0OCwidXJsIjoiaHR0cHM6XC9cL3d3dy5jb2x1bW5iYW5na29rLmNvbVwvd3AtY29udGVudFwvdXBsb2Fkc1wvMjAyNVwvMDVcL2NvbHVtbi1iYW5na29rLWhvdGVsLXN0dWRpby1wYXJrLXZpZXctMDEud2VicCIsInNsaWRlc2hvdyI6IjUwODE3ZGYifQ%3D%3D\">\n\t\t\t\t\t<div class=\"e-gallery-image elementor-gallery-item__image\" data-thumbnail=\"https:\/\/www.columnbangkok.com\/wp-content\/uploads\/2025\/05\/column-bangkok-hotel-studio-park-view-01-768x576.webp\" data-width=\"768\" data-height=\"576\" aria-label=\"Studio Park View - Column Bangkok Hotel\" role=\"img\" ><\/div>\n\t\t\t\t\t\t\t\t\t\t\t\t\t\t<\/a>\n\t\t\t\t\t\t\t<a class=\"e-gallery-item elementor-gallery-item elementor-animated-content\" data-e-gallery-tags=\"1\" href=\"https:\/\/www.columnbangkok.com\/wp-content\/uploads\/2025\/05\/column-bangkok-hotel-studio-park-view-09.webp\" data-elementor-open-lightbox=\"yes\" data-elementor-lightbox-slideshow=\"50817df\" data-e-action-hash=\"#elementor-action%3Aaction%3Dlightbox%26settings%3DeyJpZCI6NTg0OSwidXJsIjoiaHR0cHM6XC9cL3d3dy5jb2x1bW5iYW5na29rLmNvbVwvd3AtY29udGVudFwvdXBsb2Fkc1wvMjAyNVwvMDVcL2NvbHVtbi1iYW5na29rLWhvdGVsLXN0dWRpby1wYXJrLXZpZXctMDkud2VicCIsInNsaWRlc2hvdyI6IjUwODE3ZGYifQ%3D%3D\">\n\t\t\t\t\t<div class=\"e-gallery-image elementor-gallery-item__image\" data-thumbnail=\"https:\/\/www.columnbangkok.com\/wp-content\/uploads\/2025\/05\/column-bangkok-hotel-studio-park-view-09-768x512.webp\" data-width=\"768\" data-height=\"512\" aria-label=\"Studio Park View - Column Bangkok Hotel\" role=\"img\" ><\/div>\n\t\t\t\t\t\t\t\t\t\t\t\t\t\t<\/a>\n\t\t\t\t\t\t\t<a class=\"e-gallery-item elementor-gallery-item elementor-animated-content\" data-e-gallery-tags=\"1\" href=\"https:\/\/www.columnbangkok.com\/wp-content\/uploads\/2025\/05\/column-bangkok-hotel-studio-park-view-15.webp\" data-elementor-open-lightbox=\"yes\" data-elementor-lightbox-slideshow=\"50817df\" data-e-action-hash=\"#elementor-action%3Aaction%3Dlightbox%26settings%3DeyJpZCI6NTg1MCwidXJsIjoiaHR0cHM6XC9cL3d3dy5jb2x1bW5iYW5na29rLmNvbVwvd3AtY29udGVudFwvdXBsb2Fkc1wvMjAyNVwvMDVcL2NvbHVtbi1iYW5na29rLWhvdGVsLXN0dWRpby1wYXJrLXZpZXctMTUud2VicCIsInNsaWRlc2hvdyI6IjUwODE3ZGYifQ%3D%3D\">\n\t\t\t\t\t<div class=\"e-gallery-image elementor-gallery-item__image\" data-thumbnail=\"https:\/\/www.columnbangkok.com\/wp-content\/uploads\/2025\/05\/column-bangkok-hotel-studio-park-view-15-768x576.webp\" data-width=\"768\" data-height=\"576\" aria-label=\"Studio Park View - Column Bangkok Hotel\" role=\"img\" ><\/div>\n\t\t\t\t\t\t\t\t\t\t\t\t\t\t<\/a>\n\t\t\t\t\t\t\t<a class=\"e-gallery-item elementor-gallery-item elementor-animated-content\" data-e-gallery-tags=\"1\" href=\"https:\/\/www.columnbangkok.com\/wp-content\/uploads\/2025\/05\/column-bangkok-hotel-studio-park-view-05.webp\" data-elementor-open-lightbox=\"yes\" data-elementor-lightbox-slideshow=\"50817df\" data-e-action-hash=\"#elementor-action%3Aaction%3Dlightbox%26settings%3DeyJpZCI6NTg1MSwidXJsIjoiaHR0cHM6XC9cL3d3dy5jb2x1bW5iYW5na29rLmNvbVwvd3AtY29udGVudFwvdXBsb2Fkc1wvMjAyNVwvMDVcL2NvbHVtbi1iYW5na29rLWhvdGVsLXN0dWRpby1wYXJrLXZpZXctMDUud2VicCIsInNsaWRlc2hvdyI6IjUwODE3ZGYifQ%3D%3D\">\n\t\t\t\t\t<div class=\"e-gallery-image elementor-gallery-item__image\" data-thumbnail=\"https:\/\/www.columnbangkok.com\/wp-content\/uploads\/2025\/05\/column-bangkok-hotel-studio-park-view-05-768x576.webp\" data-width=\"768\" data-height=\"576\" aria-label=\"Studio Park View - Column Bangkok Hotel\" role=\"img\" ><\/div>\n\t\t\t\t\t\t\t\t\t\t\t\t\t\t<\/a>\n\t\t\t\t\t\t\t<a class=\"e-gallery-item elementor-gallery-item elementor-animated-content\" data-e-gallery-tags=\"1\" href=\"https:\/\/www.columnbangkok.com\/wp-content\/uploads\/2025\/05\/Studio-Deluxe-Corner-4.jpg\" data-elementor-open-lightbox=\"yes\" data-elementor-lightbox-slideshow=\"50817df\" data-e-action-hash=\"#elementor-action%3Aaction%3Dlightbox%26settings%3DeyJpZCI6NTg1MiwidXJsIjoiaHR0cHM6XC9cL3d3dy5jb2x1bW5iYW5na29rLmNvbVwvd3AtY29udGVudFwvdXBsb2Fkc1wvMjAyNVwvMDVcL1N0dWRpby1EZWx1eGUtQ29ybmVyLTQuanBnIiwic2xpZGVzaG93IjoiNTA4MTdkZiJ9\">\n\t\t\t\t\t<div class=\"e-gallery-image elementor-gallery-item__image\" data-thumbnail=\"https:\/\/www.columnbangkok.com\/wp-content\/uploads\/2025\/05\/Studio-Deluxe-Corner-4-768x512.jpg\" data-width=\"768\" data-height=\"512\" aria-label=\"Studio Deluxe Corner\" role=\"img\" ><\/div>\n\t\t\t\t\t\t\t\t\t\t\t\t\t\t<\/a>\n\t\t\t\t\t\t\t<a class=\"e-gallery-item elementor-gallery-item elementor-animated-content\" data-e-gallery-tags=\"1\" href=\"https:\/\/www.columnbangkok.com\/wp-content\/uploads\/2025\/05\/Studio-Premier-3.webp\" data-elementor-open-lightbox=\"yes\" data-elementor-lightbox-slideshow=\"50817df\" data-e-action-hash=\"#elementor-action%3Aaction%3Dlightbox%26settings%3DeyJpZCI6NTg1MywidXJsIjoiaHR0cHM6XC9cL3d3dy5jb2x1bW5iYW5na29rLmNvbVwvd3AtY29udGVudFwvdXBsb2Fkc1wvMjAyNVwvMDVcL1N0dWRpby1QcmVtaWVyLTMud2VicCIsInNsaWRlc2hvdyI6IjUwODE3ZGYifQ%3D%3D\">\n\t\t\t\t\t<div class=\"e-gallery-image elementor-gallery-item__image\" data-thumbnail=\"https:\/\/www.columnbangkok.com\/wp-content\/uploads\/2025\/05\/Studio-Premier-3-768x512.webp\" data-width=\"768\" data-height=\"512\" aria-label=\"Studio Premier\" role=\"img\" ><\/div>\n\t\t\t\t\t\t\t\t\t\t\t\t\t\t<\/a>\n\t\t\t\t\t\t\t<a class=\"e-gallery-item elementor-gallery-item elementor-animated-content\" data-e-gallery-tags=\"1\" href=\"https:\/\/www.columnbangkok.com\/wp-content\/uploads\/2025\/05\/One-Bedroom-Executive-11.webp\" data-elementor-open-lightbox=\"yes\" data-elementor-lightbox-slideshow=\"50817df\" data-e-action-hash=\"#elementor-action%3Aaction%3Dlightbox%26settings%3DeyJpZCI6NTg1NCwidXJsIjoiaHR0cHM6XC9cL3d3dy5jb2x1bW5iYW5na29rLmNvbVwvd3AtY29udGVudFwvdXBsb2Fkc1wvMjAyNVwvMDVcL09uZS1CZWRyb29tLUV4ZWN1dGl2ZS0xMS53ZWJwIiwic2xpZGVzaG93IjoiNTA4MTdkZiJ9\">\n\t\t\t\t\t<div class=\"e-gallery-image elementor-gallery-item__image\" data-thumbnail=\"https:\/\/www.columnbangkok.com\/wp-content\/uploads\/2025\/05\/One-Bedroom-Executive-11-768x576.webp\" data-width=\"768\" data-height=\"576\" aria-label=\"One Bedroom Executive\" role=\"img\" ><\/div>\n\t\t\t\t\t\t\t\t\t\t\t\t\t\t<\/a>\n\t\t\t\t\t\t\t<a class=\"e-gallery-item elementor-gallery-item elementor-animated-content\" data-e-gallery-tags=\"1\" href=\"https:\/\/www.columnbangkok.com\/wp-content\/uploads\/2025\/05\/4011-1.webp\" data-elementor-open-lightbox=\"yes\" data-elementor-lightbox-slideshow=\"50817df\" data-e-action-hash=\"#elementor-action%3Aaction%3Dlightbox%26settings%3DeyJpZCI6NTg1NSwidXJsIjoiaHR0cHM6XC9cL3d3dy5jb2x1bW5iYW5na29rLmNvbVwvd3AtY29udGVudFwvdXBsb2Fkc1wvMjAyNVwvMDVcLzQwMTEtMS53ZWJwIiwic2xpZGVzaG93IjoiNTA4MTdkZiJ9\">\n\t\t\t\t\t<div class=\"e-gallery-image elementor-gallery-item__image\" data-thumbnail=\"https:\/\/www.columnbangkok.com\/wp-content\/uploads\/2025\/05\/4011-1-768x512.webp\" data-width=\"768\" data-height=\"512\" aria-label=\"One Bedroom Park Premier\" role=\"img\" ><\/div>\n\t\t\t\t\t\t\t\t\t\t\t\t\t\t<\/a>\n\t\t\t\t\t\t\t<a class=\"e-gallery-item elementor-gallery-item elementor-animated-content\" data-e-gallery-tags=\"1\" href=\"https:\/\/www.columnbangkok.com\/wp-content\/uploads\/2025\/05\/3210-1.webp\" data-elementor-open-lightbox=\"yes\" data-elementor-lightbox-slideshow=\"50817df\" data-e-action-hash=\"#elementor-action%3Aaction%3Dlightbox%26settings%3DeyJpZCI6NTg1NiwidXJsIjoiaHR0cHM6XC9cL3d3dy5jb2x1bW5iYW5na29rLmNvbVwvd3AtY29udGVudFwvdXBsb2Fkc1wvMjAyNVwvMDVcLzMyMTAtMS53ZWJwIiwic2xpZGVzaG93IjoiNTA4MTdkZiJ9\">\n\t\t\t\t\t<div class=\"e-gallery-image elementor-gallery-item__image\" data-thumbnail=\"https:\/\/www.columnbangkok.com\/wp-content\/uploads\/2025\/05\/3210-1-768x512.webp\" data-width=\"768\" data-height=\"512\" aria-label=\"Two Bedroom Park Premier\" role=\"img\" ><\/div>\n\t\t\t\t\t\t\t\t\t\t\t\t\t\t<\/a>\n\t\t\t\t\t<\/div>\n\t\t\t\t\t<\/div>\n\t\t\t\t<\/div>\n\t\t\t\t\t<\/div>\n\t\t\t\t<\/div>\n\t\t\t\t<\/div>\n\t\t","protected":false},"excerpt":{"rendered":"<p>Galerie photos Vues urbaines, s\u00e9jours \u00e9l\u00e9gants et espaces accueillants Aper\u00e7u Chambres<\/p>\n","protected":false},"author":1,"featured_media":5813,"parent":0,"menu_order":4,"comment_status":"closed","ping_status":"closed","template":"","meta":{"_switchboard_short_link_id":0,"_switchboard_short_link_code":"","footnotes":""},"class_list":["post-5857","page","type-page","status-publish","has-post-thumbnail","hentry"],"meta_box":[],"_links":{"self":[{"href":"https:\/\/www.columnbangkok.com\/fr\/wp-json\/wp\/v2\/pages\/5857","targetHints":{"allow":["GET"]}}],"collection":[{"href":"https:\/\/www.columnbangkok.com\/fr\/wp-json\/wp\/v2\/pages"}],"about":[{"href":"https:\/\/www.columnbangkok.com\/fr\/wp-json\/wp\/v2\/types\/page"}],"author":[{"embeddable":true,"href":"https:\/\/www.columnbangkok.com\/fr\/wp-json\/wp\/v2\/users\/1"}],"replies":[{"embeddable":true,"href":"https:\/\/www.columnbangkok.com\/fr\/wp-json\/wp\/v2\/comments?post=5857"}],"version-history":[{"count":1,"href":"https:\/\/www.columnbangkok.com\/fr\/wp-json\/wp\/v2\/pages\/5857\/revisions"}],"predecessor-version":[{"id":5859,"href":"https:\/\/www.columnbangkok.com\/fr\/wp-json\/wp\/v2\/pages\/5857\/revisions\/5859"}],"wp:featuredmedia":[{"embeddable":true,"href":"https:\/\/www.columnbangkok.com\/fr\/wp-json\/wp\/v2\/media\/5813"}],"wp:attachment":[{"href":"https:\/\/www.columnbangkok.com\/fr\/wp-json\/wp\/v2\/media?parent=5857"}],"curies":[{"name":"wp","href":"https:\/\/api.w.org\/{rel}","templated":true}]}}