{"id":5844,"date":"2025-05-02T02:08:13","date_gmt":"2025-05-01T19:08:13","guid":{"rendered":"https:\/\/www.columnbangkok.com\/offers\/"},"modified":"2026-05-08T15:27:24","modified_gmt":"2026-05-08T08:27:24","slug":"offers","status":"publish","type":"page","link":"https:\/\/www.columnbangkok.com\/fr\/offers\/","title":{"rendered":"Offres"},"content":{"rendered":"\t\t<div data-elementor-type=\"wp-page\" data-elementor-id=\"5844\" class=\"elementor elementor-5844 elementor-65\" data-elementor-post-type=\"page\">\n\t\t\t\t<div class=\"elementor-element elementor-element-a32e599 e-con-full e-flex e-con e-parent\" data-id=\"a32e599\" data-element_type=\"container\" data-e-type=\"container\">\n\t\t<div class=\"elementor-element elementor-element-5010603 e-con-full e-flex e-con e-child\" data-id=\"5010603\" data-element_type=\"container\" data-e-type=\"container\" data-settings=\"{&quot;background_background&quot;:&quot;classic&quot;,&quot;background_motion_fx_motion_fx_scrolling&quot;:&quot;yes&quot;,&quot;background_motion_fx_translateY_effect&quot;:&quot;yes&quot;,&quot;background_motion_fx_translateY_direction&quot;:&quot;negative&quot;,&quot;background_motion_fx_translateY_speed&quot;:{&quot;unit&quot;:&quot;px&quot;,&quot;size&quot;:4,&quot;sizes&quot;:[]},&quot;background_motion_fx_translateY_affectedRange&quot;:{&quot;unit&quot;:&quot;%&quot;,&quot;size&quot;:&quot;&quot;,&quot;sizes&quot;:{&quot;start&quot;:0,&quot;end&quot;:100}},&quot;background_motion_fx_devices&quot;:[&quot;desktop&quot;,&quot;tablet&quot;,&quot;mobile&quot;]}\">\n\t\t<div class=\"elementor-element elementor-element-5bc5135 e-con-full text-wrapper e-flex e-con e-child\" data-id=\"5bc5135\" data-element_type=\"container\" data-e-type=\"container\">\n\t\t\t\t<div class=\"elementor-element elementor-element-bd103b6 text-1 elementor-widget elementor-widget-heading\" data-id=\"bd103b6\" data-element_type=\"widget\" data-e-type=\"widget\" data-widget_type=\"heading.default\">\n\t\t\t\t<div class=\"elementor-widget-container\">\n\t\t\t\t\t<h1 class=\"elementor-heading-title elementor-size-default\">Nos offres<\/h1>\t\t\t\t<\/div>\n\t\t\t\t<\/div>\n\t\t\t\t<div class=\"elementor-element elementor-element-9b3c1cf text-sep elementor-widget-divider--view-line elementor-widget elementor-widget-divider\" data-id=\"9b3c1cf\" data-element_type=\"widget\" data-e-type=\"widget\" data-widget_type=\"divider.default\">\n\t\t\t\t<div class=\"elementor-widget-container\">\n\t\t\t\t\t\t\t<div class=\"elementor-divider\">\n\t\t\t<span class=\"elementor-divider-separator\">\n\t\t\t\t\t\t<\/span>\n\t\t<\/div>\n\t\t\t\t\t\t<\/div>\n\t\t\t\t<\/div>\n\t\t\t\t<div class=\"elementor-element elementor-element-572c54e text-2 elementor-widget elementor-widget-heading\" data-id=\"572c54e\" data-element_type=\"widget\" data-e-type=\"widget\" data-widget_type=\"heading.default\">\n\t\t\t\t<div class=\"elementor-widget-container\">\n\t\t\t\t\t<div class=\"elementor-heading-title elementor-size-default\">Planifiez \u00e0 l'avance et \u00e9conomisez gr\u00e2ce aux offres exclusives de la ville<\/div>\t\t\t\t<\/div>\n\t\t\t\t<\/div>\n\t\t\t\t<div class=\"elementor-element elementor-element-e299425 elementor-widget elementor-widget-html\" data-id=\"e299425\" data-element_type=\"widget\" data-e-type=\"widget\" data-widget_type=\"html.default\">\n\t\t\t\t<div class=\"elementor-widget-container\">\n\t\t\t\t\t<script>(function(w,d) {\n        d.addEventListener('DOMContentLoaded', init);\n        \n        function init() {\n            const {animate, onScroll} = anime;\n            \n            animate('.text-wrapper', {\n                autoplay: onScroll({\n                    container: '#hero',\n                    enter: 'center top',\n                    onEnter(self) {\n                        self.target.classList.add('animated');\n                    }\n                })\n            });   \n        }\n    })(window,document);\n<\/script>\t\t\t\t<\/div>\n\t\t\t\t<\/div>\n\t\t\t\t<\/div>\n\t\t\t\t<\/div>\n\t\t\t\t<\/div>\n\t\t<div class=\"elementor-element elementor-element-23dfb83 e-flex e-con-boxed e-con e-parent\" data-id=\"23dfb83\" data-element_type=\"container\" data-e-type=\"container\">\n\t\t\t\t\t<div class=\"e-con-inner\">\n\t\t<div class=\"elementor-element elementor-element-02351c2 e-flex e-con-boxed e-con e-child\" data-id=\"02351c2\" data-element_type=\"container\" data-e-type=\"container\">\n\t\t\t\t\t<div class=\"e-con-inner\">\n\t\t\t\t<div class=\"elementor-element elementor-element-c134c67 elementor-widget elementor-widget-text-editor\" data-id=\"c134c67\" data-element_type=\"widget\" data-e-type=\"widget\" data-widget_type=\"text-editor.default\">\n\t\t\t\t<div class=\"elementor-widget-container\">\n\t\t\t\t\t\t\t\t\t<p><strong>Profitez au maximum de votre s\u00e9jour au Column Bangkok gr\u00e2ce \u00e0 nos offres exclusives et \u00e0 dur\u00e9e limit\u00e9e.<\/strong> Que vous planifiez une escapade de derni\u00e8re minute ou un s\u00e9jour plus long, profitez d&rsquo;avantages suppl\u00e9mentaires et de r\u00e9ductions exceptionnelles \u2013 uniquement en r\u00e9servant directement.<\/p>\t\t\t\t\t\t\t\t<\/div>\n\t\t\t\t<\/div>\n\t\t\t\t\t<\/div>\n\t\t\t\t<\/div>\n\t\t<div class=\"elementor-element elementor-element-ddc6c12 e-grid benefit-group e-con-boxed e-con e-child\" data-id=\"ddc6c12\" data-element_type=\"container\" data-e-type=\"container\" data-custom-animate=\"fade-in\" data-custom-animate-item=\".benefit-item\">\n\t\t\t\t\t<div class=\"e-con-inner\">\n\t\t<div class=\"elementor-element elementor-element-10ec326 e-con-full e-flex e-con e-child\" data-id=\"10ec326\" data-element_type=\"container\" data-e-type=\"container\">\n\t\t<div class=\"elementor-element elementor-element-b90cfae e-con-full benefit-item e-flex e-con e-child\" data-id=\"b90cfae\" data-element_type=\"container\" data-e-type=\"container\" data-settings=\"{&quot;background_background&quot;:&quot;classic&quot;}\">\n\t\t\t\t<div class=\"elementor-element elementor-element-047fab5 elementor-view-default elementor-widget elementor-widget-icon\" data-id=\"047fab5\" data-element_type=\"widget\" data-e-type=\"widget\" data-widget_type=\"icon.default\">\n\t\t\t\t<div class=\"elementor-widget-container\">\n\t\t\t\t\t\t\t<div class=\"elementor-icon-wrapper\">\n\t\t\t<div class=\"elementor-icon\">\n\t\t\t<svg xmlns=\"http:\/\/www.w3.org\/2000\/svg\" viewBox=\"0 0 128 128\"><path d=\"M64,10c29.78,0,54,24.22,54,54s-24.22,54-54,54S10,93.78,10,64,34.22,10,64,10M64,0C28.65,0,0,28.65,0,64s28.65,64,64,64,64-28.65,64-64S99.35,0,64,0h0ZM66.5,68.33l27.71-16c2.39-1.38,3.21-4.44,1.83-6.83-1.38-2.39-4.44-3.21-6.83-1.83l-27.71,16c-2.39,1.38-3.21,4.44-1.83,6.83.93,1.6,2.61,2.5,4.33,2.5.85,0,1.71-.22,2.5-.67ZM69,64V24c0-2.76-2.24-5-5-5s-5,2.24-5,5v40c0,2.76,2.24,5,5,5s5-2.24,5-5Z\"><\/path><\/svg>\t\t\t<\/div>\n\t\t<\/div>\n\t\t\t\t\t\t<\/div>\n\t\t\t\t<\/div>\n\t\t\t\t<div class=\"elementor-element elementor-element-eb2160a elementor-widget elementor-widget-text-editor\" data-id=\"eb2160a\" data-element_type=\"widget\" data-e-type=\"widget\" data-widget_type=\"text-editor.default\">\n\t\t\t\t<div class=\"elementor-widget-container\">\n\t\t\t\t\t\t\t\t\t<p>D\u00e9part tardif<br\/>avant 14h00.<\/p>\t\t\t\t\t\t\t\t<\/div>\n\t\t\t\t<\/div>\n\t\t\t\t<\/div>\n\t\t\t\t<\/div>\n\t\t<div class=\"elementor-element elementor-element-c7b6d05 e-con-full e-flex e-con e-child\" data-id=\"c7b6d05\" data-element_type=\"container\" data-e-type=\"container\">\n\t\t<div class=\"elementor-element elementor-element-4938dec e-con-full benefit-item e-flex e-con e-child\" data-id=\"4938dec\" data-element_type=\"container\" data-e-type=\"container\" data-settings=\"{&quot;background_background&quot;:&quot;classic&quot;}\">\n\t\t\t\t<div class=\"elementor-element elementor-element-46b2f59 elementor-view-default elementor-widget elementor-widget-icon\" data-id=\"46b2f59\" data-element_type=\"widget\" data-e-type=\"widget\" data-widget_type=\"icon.default\">\n\t\t\t\t<div class=\"elementor-widget-container\">\n\t\t\t\t\t\t\t<div class=\"elementor-icon-wrapper\">\n\t\t\t<div class=\"elementor-icon\">\n\t\t\t<i aria-hidden=\"true\" class=\"fal fa-wine-glass\"><\/i>\t\t\t<\/div>\n\t\t<\/div>\n\t\t\t\t\t\t<\/div>\n\t\t\t\t<\/div>\n\t\t\t\t<div class=\"elementor-element elementor-element-eb2995c elementor-widget elementor-widget-text-editor\" data-id=\"eb2995c\" data-element_type=\"widget\" data-e-type=\"widget\" data-widget_type=\"text-editor.default\">\n\t\t\t\t<div class=\"elementor-widget-container\">\n\t\t\t\t\t\t\t\t\t<p>Boisson de bienvenue et assiette de fruits<br\/>\u00e0 l&rsquo;arriv\u00e9e<\/p>\t\t\t\t\t\t\t\t<\/div>\n\t\t\t\t<\/div>\n\t\t\t\t<\/div>\n\t\t\t\t<\/div>\n\t\t<div class=\"elementor-element elementor-element-e77c2a9 e-con-full e-flex e-con e-child\" data-id=\"e77c2a9\" data-element_type=\"container\" data-e-type=\"container\">\n\t\t<div class=\"elementor-element elementor-element-4d2d4a8 e-con-full benefit-item e-flex e-con e-child\" data-id=\"4d2d4a8\" data-element_type=\"container\" data-e-type=\"container\" data-settings=\"{&quot;background_background&quot;:&quot;classic&quot;}\">\n\t\t\t\t<div class=\"elementor-element elementor-element-f2a778b elementor-view-default elementor-widget elementor-widget-icon\" data-id=\"f2a778b\" data-element_type=\"widget\" data-e-type=\"widget\" data-widget_type=\"icon.default\">\n\t\t\t\t<div class=\"elementor-widget-container\">\n\t\t\t\t\t\t\t<div class=\"elementor-icon-wrapper\">\n\t\t\t<div class=\"elementor-icon\">\n\t\t\t<i aria-hidden=\"true\" class=\"fal fa-spa\"><\/i>\t\t\t<\/div>\n\t\t<\/div>\n\t\t\t\t\t\t<\/div>\n\t\t\t\t<\/div>\n\t\t\t\t<div class=\"elementor-element elementor-element-a9a18e2 elementor-widget elementor-widget-text-editor\" data-id=\"a9a18e2\" data-element_type=\"widget\" data-e-type=\"widget\" data-widget_type=\"text-editor.default\">\n\t\t\t\t<div class=\"elementor-widget-container\">\n\t\t\t\t\t\t\t\t\t<p><b>Hotel credit \u0e3f500<\/b> <br\/>per stay for <a href=\"https:\/\/www.columnbangkok.com\/wellness\/\">Y wellness<\/a><\/p>\t\t\t\t\t\t\t\t<\/div>\n\t\t\t\t<\/div>\n\t\t\t\t<\/div>\n\t\t\t\t<\/div>\n\t\t\t\t\t<\/div>\n\t\t\t\t<\/div>\n\t\t\t\t\t<\/div>\n\t\t\t\t<\/div>\n\t\t<div class=\"elementor-element elementor-element-a5c8609 e-flex e-con-boxed e-con e-parent\" data-id=\"a5c8609\" data-element_type=\"container\" data-e-type=\"container\" data-settings=\"{&quot;background_background&quot;:&quot;classic&quot;}\">\n\t\t\t\t\t<div class=\"e-con-inner\">\n\t\t\t\t<div class=\"elementor-element elementor-element-f3cfd2d elementor-widget elementor-widget-taxonomy-filter\" data-id=\"f3cfd2d\" data-element_type=\"widget\" data-e-type=\"widget\" data-settings=\"{&quot;selected_element&quot;:&quot;a611075&quot;,&quot;taxonomy&quot;:&quot;post_tag&quot;,&quot;horizontal_scroll&quot;:&quot;enable&quot;,&quot;multiple_selection&quot;:&quot;no&quot;}\" data-widget_type=\"taxonomy-filter.default\">\n\t\t\t\t<div class=\"elementor-widget-container\">\n\t\t\t\t\t\t\t<search class=\"e-filter\" role=\"search\" data-base-url=\"https:\/\/www.columnbangkok.com\/fr\/\" data-page-num=\"1\">\n\t\t\t\t\t\t\t<button class=\"e-filter-item\" data-filter=\"room\" aria-pressed=\"false\">Room<\/button>\n\t\t\t\n\t\t\t\t\t\t\t\t\t<button class=\"e-filter-item\" data-filter=\"__all\" aria-pressed=\"true\">\n\t\t\t\tAll\t\t\t<\/button>\n\t\t\t\t\t<\/search>\n\t\t\t\t\t\t<\/div>\n\t\t\t\t<\/div>\n\t\t\t\t<div class=\"elementor-element elementor-element-a611075 elementor-grid-4 elementor-grid-tablet-2 elementor-grid-mobile-1 elementor-widget elementor-widget-loop-grid\" data-id=\"a611075\" data-element_type=\"widget\" data-e-type=\"widget\" id=\"offers_query\" data-settings=\"{&quot;template_id&quot;:2313,&quot;columns&quot;:4,&quot;row_gap&quot;:{&quot;unit&quot;:&quot;px&quot;,&quot;size&quot;:30,&quot;sizes&quot;:[]},&quot;_skin&quot;:&quot;post&quot;,&quot;columns_tablet&quot;:&quot;2&quot;,&quot;columns_mobile&quot;:&quot;1&quot;,&quot;edit_handle_selector&quot;:&quot;[data-elementor-type=\\&quot;loop-item\\&quot;]&quot;,&quot;row_gap_tablet&quot;:{&quot;unit&quot;:&quot;px&quot;,&quot;size&quot;:&quot;&quot;,&quot;sizes&quot;:[]},&quot;row_gap_mobile&quot;:{&quot;unit&quot;:&quot;px&quot;,&quot;size&quot;:&quot;&quot;,&quot;sizes&quot;:[]}}\" data-widget_type=\"loop-grid.post\">\n\t\t\t\t<div class=\"elementor-widget-container\">\n\t\t\t\t\t\t\t<div class=\"elementor-loop-container elementor-grid\" role=\"list\">\n\t\t<style id=\"loop-2313\">.elementor-2313 .elementor-element.elementor-element-eb44ac6{--display:flex;--min-height:100%;--gap:0px 0px;--row-gap:0px;--column-gap:0px;border-style:solid;--border-style:solid;border-width:1px 1px 1px 1px;--border-top-width:1px;--border-right-width:1px;--border-bottom-width:1px;--border-left-width:1px;border-color:var( --e-global-color-fc78ec3 );--border-color:var( --e-global-color-fc78ec3 );--padding-top:0px;--padding-bottom:0px;--padding-left:0px;--padding-right:0px;}.elementor-2313 .elementor-element.elementor-element-eb44ac6:not(.elementor-motion-effects-element-type-background), .elementor-2313 .elementor-element.elementor-element-eb44ac6 > .elementor-motion-effects-container > .elementor-motion-effects-layer{background-color:#FFFFFF;}.elementor-2313 .elementor-element.elementor-element-05f0e16{--display:flex;--padding-top:0px;--padding-bottom:0px;--padding-left:0px;--padding-right:0px;}body:not(.rtl) .elementor-2313 .elementor-element.elementor-element-b905c7f{left:15px;}body.rtl .elementor-2313 .elementor-element.elementor-element-b905c7f{right:15px;}.elementor-2313 .elementor-element.elementor-element-b905c7f{top:15px;}.elementor-2313 .elementor-element.elementor-element-4bf2865{--display:flex;--gap:8px 8px;--row-gap:8px;--column-gap:8px;--padding-top:20px;--padding-bottom:20px;--padding-left:20px;--padding-right:20px;}.elementor-2313 .elementor-element.elementor-element-4bf2865.e-con{--flex-grow:1;--flex-shrink:0;}.elementor-2313 .elementor-element.elementor-element-a225fff .elementor-heading-title{font-size:24px;color:var( --e-global-color-5536fbb );}.elementor-2313 .elementor-element.elementor-element-062ded7{font-size:14px;}.elementor-2313 .elementor-element.elementor-element-2bf8ab8{--display:flex;--flex-direction:row;--container-widget-width:initial;--container-widget-height:100%;--container-widget-flex-grow:1;--container-widget-align-self:stretch;--flex-wrap-mobile:wrap;--gap:8px 8px;--row-gap:8px;--column-gap:8px;--padding-top:20px;--padding-bottom:0px;--padding-left:0px;--padding-right:0px;}.elementor-2313 .elementor-element.elementor-element-8408967 .elementor-button{fill:var( --e-global-color-feac797 );color:var( --e-global-color-feac797 );background-color:#BAA38200;border-style:solid;border-width:1px 1px 1px 1px;border-color:var( --e-global-color-feac797 );padding:7px 15px 7px 15px;}.elementor-2313 .elementor-element.elementor-element-8408967 .elementor-button:hover, .elementor-2313 .elementor-element.elementor-element-8408967 .elementor-button:focus{color:#B19772;border-color:#B19772;}.elementor-2313 .elementor-element.elementor-element-8408967 .elementor-button:hover svg, .elementor-2313 .elementor-element.elementor-element-8408967 .elementor-button:focus svg{fill:#B19772;}.elementor-2313 .elementor-element.elementor-element-4f826b1 .elementor-button{fill:#FFFFFF;color:#FFFFFF;background-color:var( --e-global-color-feac797 );padding:8px 16px 8px 16px;}.elementor-2313 .elementor-element.elementor-element-4f826b1 .elementor-button:hover, .elementor-2313 .elementor-element.elementor-element-4f826b1 .elementor-button:focus{color:#FFFFFF;background-color:#B19772;}.elementor-2313 .elementor-element.elementor-element-4f826b1 .elementor-button:hover svg, .elementor-2313 .elementor-element.elementor-element-4f826b1 .elementor-button:focus svg{fill:#FFFFFF;}.elementor-2313 .elementor-element.elementor-element-3876c05{--display:flex;--flex-direction:row;--container-widget-width:initial;--container-widget-height:100%;--container-widget-flex-grow:1;--container-widget-align-self:stretch;--flex-wrap-mobile:wrap;--gap:8px 8px;--row-gap:8px;--column-gap:8px;--padding-top:20px;--padding-bottom:0px;--padding-left:0px;--padding-right:0px;}.elementor-2313 .elementor-element.elementor-element-3dd5ae4 .elementor-button{fill:#FFFFFF;color:#FFFFFF;background-color:var( --e-global-color-feac797 );padding:8px 16px 8px 16px;}.elementor-2313 .elementor-element.elementor-element-3dd5ae4 .elementor-button:hover, .elementor-2313 .elementor-element.elementor-element-3dd5ae4 .elementor-button:focus{color:#FFFFFF;background-color:#B19772;}.elementor-2313 .elementor-element.elementor-element-3dd5ae4 .elementor-button:hover svg, .elementor-2313 .elementor-element.elementor-element-3dd5ae4 .elementor-button:focus svg{fill:#FFFFFF;}.elementor-2313 .elementor-element.elementor-element-2f5a17b .elementor-button{fill:var( --e-global-color-feac797 );color:var( --e-global-color-feac797 );background-color:#BAA38200;border-style:solid;border-width:1px 1px 1px 1px;border-color:var( --e-global-color-feac797 );padding:7px 15px 7px 15px;}.elementor-2313 .elementor-element.elementor-element-2f5a17b .elementor-button:hover, .elementor-2313 .elementor-element.elementor-element-2f5a17b .elementor-button:focus{color:#B19772;border-color:#B19772;}.elementor-2313 .elementor-element.elementor-element-2f5a17b .elementor-button:hover svg, .elementor-2313 .elementor-element.elementor-element-2f5a17b .elementor-button:focus svg{fill:#B19772;}\/* Start custom CSS for image, class: .elementor-element-ab611c9 *\/.elementor-2313 .elementor-element.elementor-element-ab611c9 img {\n    aspect-ratio: 1;\n    object-fit: cover;\n}\/* End custom CSS *\/\n\/* Start custom CSS for shortcode, class: .elementor-element-b905c7f *\/.elementor-2313 .elementor-element.elementor-element-b905c7f {\n    font-size: 14px;\n}\n.elementor-2313 .elementor-element.elementor-element-b905c7f ul {\n    list-style: none;\n    padding: 0;\n    margin: 0;\n    display: flex;\n    flex-flow: row wrap;\n    gap: 4px;\n}\n.elementor-2313 .elementor-element.elementor-element-b905c7f .tag-list-item {\n    background: #0004;\n    color: #fff;\n    padding: 5px 10px 3px;\n    line-height: 1.25;\n    border-radius: 2px;\n    user-select: none;\n}\/* End custom CSS *\/\n\/* Start custom CSS for text-editor, class: .elementor-element-062ded7 *\/.elementor-2313 .elementor-element.elementor-element-062ded7 p:last-child {\n    margin-bottom: 0;\n}\/* End custom CSS *\/\n\/* Start custom CSS for container, class: .elementor-element-2bf8ab8 *\/.elementor-2313 .elementor-element.elementor-element-2bf8ab8 {\n    margin-block-start: auto;\n}\/* End custom CSS *\/\n\/* Start custom CSS for container, class: .elementor-element-3876c05 *\/.elementor-2313 .elementor-element.elementor-element-3876c05 {\n    margin-block-start: auto;\n}\/* End custom CSS *\/<\/style>\t\t<div data-elementor-type=\"loop-item\" data-elementor-id=\"2313\" class=\"elementor elementor-2313 e-loop-item e-loop-item-5759 post-5759 offer type-offer status-publish has-post-thumbnail hentry tag-room\" data-elementor-post-type=\"elementor_library\" data-custom-edit-handle=\"1\">\n\t\t\t<div class=\"elementor-element elementor-element-eb44ac6 e-con-full e-flex e-con e-parent\" data-id=\"eb44ac6\" data-element_type=\"container\" data-e-type=\"container\" data-settings=\"{&quot;background_background&quot;:&quot;classic&quot;}\">\n\t\t<div class=\"elementor-element elementor-element-05f0e16 e-con-full e-flex e-con e-child\" data-id=\"05f0e16\" data-element_type=\"container\" data-e-type=\"container\">\n\t\t\t\t<div class=\"elementor-element elementor-element-ab611c9 elementor-widget elementor-widget-image\" data-id=\"ab611c9\" data-element_type=\"widget\" data-e-type=\"widget\" data-widget_type=\"image.default\">\n\t\t\t\t<div class=\"elementor-widget-container\">\n\t\t\t\t\t\t\t\t\t\t\t\t\t\t\t<img fetchpriority=\"high\" decoding=\"async\" width=\"768\" height=\"576\" src=\"https:\/\/www.columnbangkok.com\/wp-content\/uploads\/2025\/06\/Studio-Deluxe-Corner-10-768x576.webp\" class=\"attachment-medium_large size-medium_large wp-image-5760\" alt=\"Studio Deluxe Corner\" srcset=\"https:\/\/www.columnbangkok.com\/wp-content\/uploads\/2025\/06\/Studio-Deluxe-Corner-10-768x576.webp 768w, https:\/\/www.columnbangkok.com\/wp-content\/uploads\/2025\/06\/Studio-Deluxe-Corner-10-300x225.webp 300w, https:\/\/www.columnbangkok.com\/wp-content\/uploads\/2025\/06\/Studio-Deluxe-Corner-10-1024x768.webp 1024w, https:\/\/www.columnbangkok.com\/wp-content\/uploads\/2025\/06\/Studio-Deluxe-Corner-10-1536x1152.webp 1536w, https:\/\/www.columnbangkok.com\/wp-content\/uploads\/2025\/06\/Studio-Deluxe-Corner-10-2048x1536.webp 2048w\" sizes=\"(max-width: 768px) 100vw, 768px\" \/>\t\t\t\t\t\t\t\t\t\t\t\t\t\t\t<\/div>\n\t\t\t\t<\/div>\n\t\t\t\t<div class=\"elementor-element elementor-element-b905c7f elementor-absolute elementor-widget elementor-widget-shortcode\" data-id=\"b905c7f\" data-element_type=\"widget\" data-e-type=\"widget\" data-settings=\"{&quot;_position&quot;:&quot;absolute&quot;}\" data-widget_type=\"shortcode.default\">\n\t\t\t\t<div class=\"elementor-widget-container\">\n\t\t\t\t\t\t\t<div class=\"elementor-shortcode\"><ul class=\"tag-list\">\n        <li class=\"tag-list-item room\">Room<\/li>\n    <\/ul><\/div>\n\t\t\t\t\t\t<\/div>\n\t\t\t\t<\/div>\n\t\t\t\t<\/div>\n\t\t<div class=\"elementor-element elementor-element-4bf2865 e-con-full e-flex e-con e-child\" data-id=\"4bf2865\" data-element_type=\"container\" data-e-type=\"container\">\n\t\t\t\t<div class=\"elementor-element elementor-element-a225fff elementor-widget elementor-widget-heading\" data-id=\"a225fff\" data-element_type=\"widget\" data-e-type=\"widget\" data-widget_type=\"heading.default\">\n\t\t\t\t<div class=\"elementor-widget-container\">\n\t\t\t\t\t<h3 class=\"elementor-heading-title elementor-size-default\">Super \u00c9conomies jusqu&rsquo;\u00e0 45%<\/h3>\t\t\t\t<\/div>\n\t\t\t\t<\/div>\n\t\t\t\t<div class=\"elementor-element elementor-element-062ded7 elementor-widget elementor-widget-text-editor\" data-id=\"062ded7\" data-element_type=\"widget\" data-e-type=\"widget\" data-widget_type=\"text-editor.default\">\n\t\t\t\t<div class=\"elementor-widget-container\">\n\t\t\t\t\t\t\t\t\t<p>Offre sp\u00e9ciale au meilleur prix : \u00e9conomisez jusqu\u2019\u00e0 45 % sur votre forfait non remboursable si vous r\u00e9servez 3 jours \u00e0 l\u2019avance.<\/p>\n\t\t\t\t\t\t\t\t<\/div>\n\t\t\t\t<\/div>\n\t\t<div class=\"elementor-element elementor-element-3876c05 e-con-full e-flex e-con e-child\" data-id=\"3876c05\" data-element_type=\"container\" data-e-type=\"container\">\n\t\t\t\t<div class=\"elementor-element elementor-element-3dd5ae4 elementor-widget elementor-widget-button\" data-id=\"3dd5ae4\" data-element_type=\"widget\" data-e-type=\"widget\" data-widget_type=\"button.default\">\n\t\t\t\t<div class=\"elementor-widget-container\">\n\t\t\t\t\t\t\t\t\t<div class=\"elementor-button-wrapper\">\n\t\t\t\t\t<a class=\"elementor-button elementor-button-link elementor-size-sm\" href=\"https:\/\/reservation.travelanium.net\/propertyibe2\/rates?propertyId=1187&#038;onlineId=4&#038;checkinauto=7&#038;numofnight=1\" target=\"_blank\" rel=\"nofollow noopener\">\n\t\t\t\t\t\t<span class=\"elementor-button-content-wrapper\">\n\t\t\t\t\t\t\t\t\t<span class=\"elementor-button-text\">View Offers<\/span>\n\t\t\t\t\t<\/span>\n\t\t\t\t\t<\/a>\n\t\t\t\t<\/div>\n\t\t\t\t\t\t\t\t<\/div>\n\t\t\t\t<\/div>\n\t\t\t\t<div class=\"elementor-element elementor-element-2f5a17b elementor-widget elementor-widget-button\" data-id=\"2f5a17b\" data-element_type=\"widget\" data-e-type=\"widget\" data-widget_type=\"button.default\">\n\t\t\t\t<div class=\"elementor-widget-container\">\n\t\t\t\t\t\t\t\t\t<div class=\"elementor-button-wrapper\">\n\t\t\t\t\t<a class=\"elementor-button elementor-button-link elementor-size-sm\" href=\"https:\/\/www.columnbangkok.com\/fr\/offer\/super-save-up-to-45\/\">\n\t\t\t\t\t\t<span class=\"elementor-button-content-wrapper\">\n\t\t\t\t\t\t\t\t\t<span class=\"elementor-button-text\">Read More<\/span>\n\t\t\t\t\t<\/span>\n\t\t\t\t\t<\/a>\n\t\t\t\t<\/div>\n\t\t\t\t\t\t\t\t<\/div>\n\t\t\t\t<\/div>\n\t\t\t\t<\/div>\n\t\t\t\t<\/div>\n\t\t\t\t<\/div>\n\t\t\t\t<\/div>\n\t\t\t\t<\/div>\n\t\t\n\t\t\t\t\t\t<\/div>\n\t\t\t\t<\/div>\n\t\t\t\t<div class=\"elementor-element elementor-element-c7b576b elementor-widget elementor-widget-html\" data-id=\"c7b576b\" data-element_type=\"widget\" data-e-type=\"widget\" data-widget_type=\"html.default\">\n\t\t\t\t<div class=\"elementor-widget-container\">\n\t\t\t\t\t<script>(function() {\n        document.addEventListener('DOMContentLoaded', init);\n        \n        function init() {\n            let {animate, onScroll, stagger} = anime;\n            let target = document.querySelector('#offers_query');\n            let items = target.querySelectorAll('.e-loop-item');\n            \n            function animateOfferItems(parent, items) {\n            \treturn animate(items, {\n            \t\ty: [80, 0],\n            \t\topacity: [0, 1],\n            \t\tease: 'outQuint',\n            \t\tduration: 1000,\n            \t\tdelay: stagger(50),\n            \t\tautoplay: onScroll({\n            \t\t\tcontainer: document.body,\n            \t\t\tenter: '80% top',\n            \t\t}),\n            \t});\n            }\n            \n            animateOfferItems(target, items);\n            \n            new MutationObserver(entries => {\n            \tentries.forEach(entry => {\n            \t\tlet items = entry.target.querySelectorAll('.e-loop-item');\n            \t\tanimateOfferItems(entry.target, items);\n            \t})\n            }).observe(target, {\n            \tchildList: true\n            });\n        }\n    })();\n<\/script>\t\t\t\t<\/div>\n\t\t\t\t<\/div>\n\t\t\t\t\t<\/div>\n\t\t\t\t<\/div>\n\t\t\t\t<\/div>\n\t\t","protected":false},"excerpt":{"rendered":"<p>Nos offres Planifiez \u00e0 l&rsquo;avance et \u00e9conomisez gr\u00e2ce aux offres exclusives de la ville Profitez au maximum de votre s\u00e9jour au Column Bangkok gr\u00e2ce \u00e0 nos offres exclusives et \u00e0 dur\u00e9e limit\u00e9e. Que vous planifiez une escapade de derni\u00e8re minute ou un s\u00e9jour plus long, profitez d&rsquo;avantages suppl\u00e9mentaires et de r\u00e9ductions exceptionnelles \u2013 uniquement en [&hellip;]<\/p>\n","protected":false},"author":1,"featured_media":5813,"parent":0,"menu_order":3,"comment_status":"closed","ping_status":"closed","template":"","meta":{"_switchboard_short_link_id":0,"_switchboard_short_link_code":"","footnotes":""},"class_list":["post-5844","page","type-page","status-publish","has-post-thumbnail","hentry"],"meta_box":[],"_links":{"self":[{"href":"https:\/\/www.columnbangkok.com\/fr\/wp-json\/wp\/v2\/pages\/5844","targetHints":{"allow":["GET"]}}],"collection":[{"href":"https:\/\/www.columnbangkok.com\/fr\/wp-json\/wp\/v2\/pages"}],"about":[{"href":"https:\/\/www.columnbangkok.com\/fr\/wp-json\/wp\/v2\/types\/page"}],"author":[{"embeddable":true,"href":"https:\/\/www.columnbangkok.com\/fr\/wp-json\/wp\/v2\/users\/1"}],"replies":[{"embeddable":true,"href":"https:\/\/www.columnbangkok.com\/fr\/wp-json\/wp\/v2\/comments?post=5844"}],"version-history":[{"count":1,"href":"https:\/\/www.columnbangkok.com\/fr\/wp-json\/wp\/v2\/pages\/5844\/revisions"}],"predecessor-version":[{"id":5845,"href":"https:\/\/www.columnbangkok.com\/fr\/wp-json\/wp\/v2\/pages\/5844\/revisions\/5845"}],"wp:featuredmedia":[{"embeddable":true,"href":"https:\/\/www.columnbangkok.com\/fr\/wp-json\/wp\/v2\/media\/5813"}],"wp:attachment":[{"href":"https:\/\/www.columnbangkok.com\/fr\/wp-json\/wp\/v2\/media?parent=5844"}],"curies":[{"name":"wp","href":"https:\/\/api.w.org\/{rel}","templated":true}]}}