{"id":5842,"date":"2025-05-02T02:08:03","date_gmt":"2025-05-01T19:08:03","guid":{"rendered":"https:\/\/www.columnbangkok.com\/hotel\/"},"modified":"2026-05-08T15:26:00","modified_gmt":"2026-05-08T08:26:00","slug":"hotel","status":"publish","type":"page","link":"https:\/\/www.columnbangkok.com\/fr\/hotel\/","title":{"rendered":"H\u00e9bergement"},"content":{"rendered":"\t\t<div data-elementor-type=\"wp-page\" data-elementor-id=\"5842\" class=\"elementor elementor-5842 elementor-63\" data-elementor-post-type=\"page\">\n\t\t\t\t<div class=\"elementor-element elementor-element-a2af6d1 e-con-full e-flex e-con e-parent\" data-id=\"a2af6d1\" data-element_type=\"container\" data-e-type=\"container\" id=\"hero\">\n\t\t<div class=\"elementor-element elementor-element-9f81b3f e-con-full e-flex e-con e-child\" data-id=\"9f81b3f\" data-element_type=\"container\" data-e-type=\"container\" data-settings=\"{&quot;background_background&quot;:&quot;classic&quot;,&quot;background_motion_fx_motion_fx_scrolling&quot;:&quot;yes&quot;,&quot;background_motion_fx_translateY_effect&quot;:&quot;yes&quot;,&quot;background_motion_fx_translateY_direction&quot;:&quot;negative&quot;,&quot;background_motion_fx_translateY_speed&quot;:{&quot;unit&quot;:&quot;px&quot;,&quot;size&quot;:4,&quot;sizes&quot;:[]},&quot;background_motion_fx_translateY_affectedRange&quot;:{&quot;unit&quot;:&quot;%&quot;,&quot;size&quot;:&quot;&quot;,&quot;sizes&quot;:{&quot;start&quot;:0,&quot;end&quot;:100}},&quot;background_motion_fx_devices&quot;:[&quot;desktop&quot;,&quot;tablet&quot;,&quot;mobile&quot;]}\">\n\t\t<div class=\"elementor-element elementor-element-134243e e-con-full text-wrapper e-flex e-con e-child\" data-id=\"134243e\" data-element_type=\"container\" data-e-type=\"container\">\n\t\t\t\t<div class=\"elementor-element elementor-element-784e3f1 text-1 elementor-widget elementor-widget-heading\" data-id=\"784e3f1\" data-element_type=\"widget\" data-e-type=\"widget\" data-widget_type=\"heading.default\">\n\t\t\t\t<div class=\"elementor-widget-container\">\n\t\t\t\t\t<h1 class=\"elementor-heading-title elementor-size-default\">H\u00e9bergement<\/h1>\t\t\t\t<\/div>\n\t\t\t\t<\/div>\n\t\t\t\t<div class=\"elementor-element elementor-element-8162b13 text-sep elementor-widget-divider--view-line elementor-widget elementor-widget-divider\" data-id=\"8162b13\" data-element_type=\"widget\" data-e-type=\"widget\" data-widget_type=\"divider.default\">\n\t\t\t\t<div class=\"elementor-widget-container\">\n\t\t\t\t\t\t\t<div class=\"elementor-divider\">\n\t\t\t<span class=\"elementor-divider-separator\">\n\t\t\t\t\t\t<\/span>\n\t\t<\/div>\n\t\t\t\t\t\t<\/div>\n\t\t\t\t<\/div>\n\t\t\t\t<div class=\"elementor-element elementor-element-6200d48 text-2 elementor-widget elementor-widget-heading\" data-id=\"6200d48\" data-element_type=\"widget\" data-e-type=\"widget\" data-widget_type=\"heading.default\">\n\t\t\t\t<div class=\"elementor-widget-container\">\n\t\t\t\t\t<div class=\"elementor-heading-title elementor-size-default\">Une s\u00e9lection de chambres soigneusement choisies pour s'adapter \u00e0 tous les styles de vie<\/div>\t\t\t\t<\/div>\n\t\t\t\t<\/div>\n\t\t\t\t<div class=\"elementor-element elementor-element-4de0efe elementor-widget elementor-widget-html\" data-id=\"4de0efe\" data-element_type=\"widget\" data-e-type=\"widget\" data-widget_type=\"html.default\">\n\t\t\t\t<div class=\"elementor-widget-container\">\n\t\t\t\t\t<script>(function(w,d) {\n        d.addEventListener('DOMContentLoaded', init);\n        \n        function init() {\n            const {animate, onScroll} = anime;\n            \n            animate('.text-wrapper', {\n                autoplay: onScroll({\n                    container: '#hero',\n                    enter: 'center top',\n                    onEnter(self) {\n                        self.target.classList.add('animated');\n                    }\n                })\n            });   \n        }\n    })(window,document);\n<\/script>\t\t\t\t<\/div>\n\t\t\t\t<\/div>\n\t\t\t\t<\/div>\n\t\t\t\t<\/div>\n\t\t\t\t<\/div>\n\t\t<div class=\"elementor-element elementor-element-1f20522 e-flex e-con-boxed e-con e-parent\" data-id=\"1f20522\" data-element_type=\"container\" data-e-type=\"container\">\n\t\t\t\t\t<div class=\"e-con-inner\">\n\t\t\t\t<div class=\"elementor-element elementor-element-375487f elementor-widget elementor-widget-heading\" data-id=\"375487f\" data-element_type=\"widget\" data-e-type=\"widget\" data-widget_type=\"heading.default\">\n\t\t\t\t<div class=\"elementor-widget-container\">\n\t\t\t\t\t<h2 class=\"elementor-heading-title elementor-size-default\">H\u00e9bergement de luxe \u00e0 Bangkok avec vue sur la ville ou sur le parc<\/h2>\t\t\t\t<\/div>\n\t\t\t\t<\/div>\n\t\t\t\t<div class=\"elementor-element elementor-element-7e67e38 elementor-widget elementor-widget-text-editor\" data-id=\"7e67e38\" data-element_type=\"widget\" data-e-type=\"widget\" data-widget_type=\"text-editor.default\">\n\t\t\t\t<div class=\"elementor-widget-container\">\n\t\t\t\t\t\t\t\t\t<p>Avec nos chambres au design raffin\u00e9, nos h\u00e9bergements confortables et spacieux offrent une exp\u00e9rience inoubliable, id\u00e9ale pour les cadres et les voyageurs d&rsquo;affaires.<\/p><p>D\u00e8s votre premi\u00e8re visite, la taille et la grande qualit\u00e9 de nos suites vous donneront envie de revenir !<\/p>\t\t\t\t\t\t\t\t<\/div>\n\t\t\t\t<\/div>\n\t\t\t\t\t<\/div>\n\t\t\t\t<\/div>\n\t\t<div class=\"elementor-element elementor-element-533cb4c e-flex e-con-boxed e-con e-parent\" data-id=\"533cb4c\" data-element_type=\"container\" data-e-type=\"container\">\n\t\t\t\t\t<div class=\"e-con-inner\">\n\t\t<div class=\"elementor-element elementor-element-a598d63 e-con-full e-flex e-con e-child\" data-id=\"a598d63\" data-element_type=\"container\" data-e-type=\"container\">\n\t\t\t\t<div class=\"elementor-element elementor-element-5220b3c elementor-widget elementor-widget-taxonomy-filter\" data-id=\"5220b3c\" data-element_type=\"widget\" data-e-type=\"widget\" data-settings=\"{&quot;selected_element&quot;:&quot;6051db7&quot;,&quot;taxonomy&quot;:&quot;post_tag&quot;,&quot;item_alignment_horizontal&quot;:&quot;center&quot;,&quot;horizontal_scroll&quot;:&quot;disable&quot;}\" data-widget_type=\"taxonomy-filter.default\">\n\t\t\t\t<div class=\"elementor-widget-container\">\n\t\t\t\t\t\t\t<search class=\"e-filter\" role=\"search\" data-base-url=\"https:\/\/www.columnbangkok.com\/fr\/\" data-page-num=\"1\">\n\t\t\t\t\t\t\t<button class=\"e-filter-item\" data-filter=\"room\" aria-pressed=\"false\">Room<\/button>\n\t\t\t\n\t\t\t\t\t\t\t\t\t<button class=\"e-filter-item\" data-filter=\"__all\" aria-pressed=\"true\">\n\t\t\t\tAll\t\t\t<\/button>\n\t\t\t\t\t<\/search>\n\t\t\t\t\t\t<\/div>\n\t\t\t\t<\/div>\n\t\t\t\t<div class=\"elementor-element elementor-element-6051db7 elementor-grid-3 elementor-grid-tablet-2 elementor-grid-mobile-1 elementor-widget elementor-widget-loop-grid\" data-id=\"6051db7\" data-element_type=\"widget\" data-e-type=\"widget\" id=\"room_grid\" data-settings=\"{&quot;template_id&quot;:1784,&quot;_skin&quot;:&quot;post&quot;,&quot;columns&quot;:&quot;3&quot;,&quot;columns_tablet&quot;:&quot;2&quot;,&quot;columns_mobile&quot;:&quot;1&quot;,&quot;edit_handle_selector&quot;:&quot;[data-elementor-type=\\&quot;loop-item\\&quot;]&quot;,&quot;row_gap&quot;:{&quot;unit&quot;:&quot;px&quot;,&quot;size&quot;:&quot;&quot;,&quot;sizes&quot;:[]},&quot;row_gap_tablet&quot;:{&quot;unit&quot;:&quot;px&quot;,&quot;size&quot;:&quot;&quot;,&quot;sizes&quot;:[]},&quot;row_gap_mobile&quot;:{&quot;unit&quot;:&quot;px&quot;,&quot;size&quot;:&quot;&quot;,&quot;sizes&quot;:[]}}\" data-widget_type=\"loop-grid.post\">\n\t\t\t\t<div class=\"elementor-widget-container\">\n\t\t\t\t\t\t\t<div class=\"e-loop-nothing-found-message\">\n\t\t\t\t\t<div class=\"e-loop-nothing-found-message__text\">\n\t\t\t\tIt seems we can\u2019t find what you\u2019re looking for.\t\t\t<\/div>\n\t\t\t<\/div>\n\t\t\t\t\t\t<\/div>\n\t\t\t\t<\/div>\n\t\t\t\t<div class=\"elementor-element elementor-element-69bbd6f elementor-widget elementor-widget-html\" data-id=\"69bbd6f\" data-element_type=\"widget\" data-e-type=\"widget\" data-widget_type=\"html.default\">\n\t\t\t\t<div class=\"elementor-widget-container\">\n\t\t\t\t\t<script>(function() {\n        document.addEventListener('DOMContentLoaded', init);\n        \n        function init() {\n            let {animate, onScroll, stagger} = anime;\n            let target = document.querySelector('#room_grid');\n            let items = target.querySelectorAll('.e-loop-item');\n            \n            function animateOfferItems(parent, items) {\n            \treturn animate(items, {\n            \t\ty: [80, 0],\n            \t\topacity: [0, 1],\n            \t\tease: 'outQuint',\n            \t\tduration: 1000,\n            \t\tdelay: stagger(50),\n            \t\tautoplay: onScroll({\n            \t\t\tcontainer: document.body,\n            \t\t\tenter: '80% top',\n            \t\t}),\n            \t});\n            }\n            \n            animateOfferItems(target, items);\n            \n            new MutationObserver(entries => {\n            \tentries.forEach(entry => {\n            \t\tlet items = entry.target.querySelectorAll('.e-loop-item');\n            \t\tanimateOfferItems(entry.target, items);\n            \t})\n            }).observe(target, {\n            \tchildList: true\n            });\n        }\n    })();\n<\/script>\t\t\t\t<\/div>\n\t\t\t\t<\/div>\n\t\t\t\t<\/div>\n\t\t\t\t\t<\/div>\n\t\t\t\t<\/div>\n\t\t\t\t<\/div>\n\t\t","protected":false},"excerpt":{"rendered":"<p>Avec nos chambres au design raffin\u00e9, nos h\u00e9bergements confortables et spacieux offrent une exp\u00e9rience inoubliable, id\u00e9ale pour les cadres et les voyageurs d&rsquo;affaires.<\/p>\n","protected":false},"author":1,"featured_media":5841,"parent":0,"menu_order":2,"comment_status":"closed","ping_status":"closed","template":"","meta":{"_switchboard_short_link_id":0,"_switchboard_short_link_code":"","footnotes":""},"class_list":["post-5842","page","type-page","status-publish","has-post-thumbnail","hentry"],"meta_box":[],"_links":{"self":[{"href":"https:\/\/www.columnbangkok.com\/fr\/wp-json\/wp\/v2\/pages\/5842","targetHints":{"allow":["GET"]}}],"collection":[{"href":"https:\/\/www.columnbangkok.com\/fr\/wp-json\/wp\/v2\/pages"}],"about":[{"href":"https:\/\/www.columnbangkok.com\/fr\/wp-json\/wp\/v2\/types\/page"}],"author":[{"embeddable":true,"href":"https:\/\/www.columnbangkok.com\/fr\/wp-json\/wp\/v2\/users\/1"}],"replies":[{"embeddable":true,"href":"https:\/\/www.columnbangkok.com\/fr\/wp-json\/wp\/v2\/comments?post=5842"}],"version-history":[{"count":1,"href":"https:\/\/www.columnbangkok.com\/fr\/wp-json\/wp\/v2\/pages\/5842\/revisions"}],"predecessor-version":[{"id":5843,"href":"https:\/\/www.columnbangkok.com\/fr\/wp-json\/wp\/v2\/pages\/5842\/revisions\/5843"}],"wp:featuredmedia":[{"embeddable":true,"href":"https:\/\/www.columnbangkok.com\/fr\/wp-json\/wp\/v2\/media\/5841"}],"wp:attachment":[{"href":"https:\/\/www.columnbangkok.com\/fr\/wp-json\/wp\/v2\/media?parent=5842"}],"curies":[{"name":"wp","href":"https:\/\/api.w.org\/{rel}","templated":true}]}}